{"id":38,"date":"2015-02-03T16:33:34","date_gmt":"2015-02-03T16:33:34","guid":{"rendered":"http:\/\/test.intuitivesdesign.de\/?page_id=38"},"modified":"2019-01-02T11:48:50","modified_gmt":"2019-01-02T11:48:50","slug":"fotografie","status":"publish","type":"page","link":"http:\/\/test.intuitivesdesign.de\/?page_id=38","title":{"rendered":"Fotografie"},"content":{"rendered":"<p><strong>Hochzeiten: es ist schon Zeit!<\/strong><br \/>\nHochzeitsfotos, Braut und Br\u00e4utigam, Fotoreportage, Kinder- Babyfotos, Portraits,<\/p>\n<p>&#8230; oder einfach Bilder die man so gerne mag.<br \/>\n<strong><br \/>\nOh wie lieblich, oh wie schicklich<\/strong><br \/>\nvon Wilhelm Busch<\/p>\n<div id='gallery-1' class='gallery galleryid-38 gallery-columns-3 gallery-size-thumbnail'><figure class='gallery-item'>\n\t\t\t<div class='gallery-icon landscape'>\n\t\t\t\t<a href='http:\/\/test.intuitivesdesign.de\/?attachment_id=363'><img loading=\"lazy\" decoding=\"async\" width=\"150\" height=\"150\" src=\"http:\/\/test.intuitivesdesign.de\/wp-content\/uploads\/2016\/11\/IMG_00623-150x150.jpg\" class=\"attachment-thumbnail size-thumbnail\" alt=\"\" \/><\/a>\n\t\t\t<\/div><\/figure><figure class='gallery-item'>\n\t\t\t<div class='gallery-icon landscape'>\n\t\t\t\t<a href='http:\/\/test.intuitivesdesign.de\/?attachment_id=427'><img loading=\"lazy\" decoding=\"async\" width=\"150\" height=\"150\" src=\"http:\/\/test.intuitivesdesign.de\/wp-content\/uploads\/2018\/11\/copy-6964_g-e1545167948394-150x150.jpg\" class=\"attachment-thumbnail size-thumbnail\" alt=\"\" srcset=\"http:\/\/test.intuitivesdesign.de\/wp-content\/uploads\/2018\/11\/copy-6964_g-e1545167948394-150x150.jpg 150w, http:\/\/test.intuitivesdesign.de\/wp-content\/uploads\/2018\/11\/copy-6964_g-e1545167948394-550x550.jpg 550w\" sizes=\"auto, (max-width: 150px) 100vw, 150px\" \/><\/a>\n\t\t\t<\/div><\/figure><figure class='gallery-item'>\n\t\t\t<div class='gallery-icon landscape'>\n\t\t\t\t<a href='http:\/\/test.intuitivesdesign.de\/?attachment_id=71'><img loading=\"lazy\" decoding=\"async\" width=\"150\" height=\"150\" src=\"http:\/\/test.intuitivesdesign.de\/wp-content\/uploads\/2015\/02\/Schloesse_POST1-150x150.jpg\" class=\"attachment-thumbnail size-thumbnail\" alt=\"\" \/><\/a>\n\t\t\t<\/div><\/figure><figure class='gallery-item'>\n\t\t\t<div class='gallery-icon portrait'>\n\t\t\t\t<a href='http:\/\/test.intuitivesdesign.de\/?attachment_id=80'><img loading=\"lazy\" decoding=\"async\" width=\"150\" height=\"150\" src=\"http:\/\/test.intuitivesdesign.de\/wp-content\/uploads\/2015\/02\/Bike_POST-150x150.jpg\" class=\"attachment-thumbnail size-thumbnail\" alt=\"\" \/><\/a>\n\t\t\t<\/div><\/figure><figure class='gallery-item'>\n\t\t\t<div class='gallery-icon landscape'>\n\t\t\t\t<a href='http:\/\/test.intuitivesdesign.de\/?attachment_id=70'><img loading=\"lazy\" decoding=\"async\" width=\"150\" height=\"150\" src=\"http:\/\/test.intuitivesdesign.de\/wp-content\/uploads\/2015\/02\/Schloesse_POST2-150x150.jpg\" class=\"attachment-thumbnail size-thumbnail\" alt=\"\" \/><\/a>\n\t\t\t<\/div><\/figure><figure class='gallery-item'>\n\t\t\t<div class='gallery-icon landscape'>\n\t\t\t\t<a href='http:\/\/test.intuitivesdesign.de\/?attachment_id=84'><img loading=\"lazy\" decoding=\"async\" width=\"150\" height=\"150\" src=\"http:\/\/test.intuitivesdesign.de\/wp-content\/uploads\/2015\/02\/erste_liebe_POST-150x150.jpg\" class=\"attachment-thumbnail size-thumbnail\" alt=\"\" \/><\/a>\n\t\t\t<\/div><\/figure><figure class='gallery-item'>\n\t\t\t<div class='gallery-icon portrait'>\n\t\t\t\t<a href='http:\/\/test.intuitivesdesign.de\/?attachment_id=406'><img loading=\"lazy\" decoding=\"async\" width=\"150\" height=\"150\" src=\"http:\/\/test.intuitivesdesign.de\/wp-content\/uploads\/2018\/11\/6887_g-150x150.jpg\" class=\"attachment-thumbnail size-thumbnail\" alt=\"\" srcset=\"http:\/\/test.intuitivesdesign.de\/wp-content\/uploads\/2018\/11\/6887_g-150x150.jpg 150w, http:\/\/test.intuitivesdesign.de\/wp-content\/uploads\/2018\/11\/6887_g-550x550.jpg 550w\" sizes=\"auto, (max-width: 150px) 100vw, 150px\" \/><\/a>\n\t\t\t<\/div><\/figure><figure class='gallery-item'>\n\t\t\t<div class='gallery-icon landscape'>\n\t\t\t\t<a href='http:\/\/test.intuitivesdesign.de\/?attachment_id=413'><img loading=\"lazy\" decoding=\"async\" width=\"150\" height=\"150\" src=\"http:\/\/test.intuitivesdesign.de\/wp-content\/uploads\/2018\/11\/7024_g-150x150.jpg\" class=\"attachment-thumbnail size-thumbnail\" alt=\"\" srcset=\"http:\/\/test.intuitivesdesign.de\/wp-content\/uploads\/2018\/11\/7024_g-150x150.jpg 150w, http:\/\/test.intuitivesdesign.de\/wp-content\/uploads\/2018\/11\/7024_g-550x550.jpg 550w\" sizes=\"auto, (max-width: 150px) 100vw, 150px\" \/><\/a>\n\t\t\t<\/div><\/figure><figure class='gallery-item'>\n\t\t\t<div class='gallery-icon portrait'>\n\t\t\t\t<a href='http:\/\/test.intuitivesdesign.de\/?attachment_id=412'><img loading=\"lazy\" decoding=\"async\" width=\"150\" height=\"150\" src=\"http:\/\/test.intuitivesdesign.de\/wp-content\/uploads\/2018\/11\/6993_g-150x150.jpg\" class=\"attachment-thumbnail size-thumbnail\" alt=\"\" srcset=\"http:\/\/test.intuitivesdesign.de\/wp-content\/uploads\/2018\/11\/6993_g-150x150.jpg 150w, http:\/\/test.intuitivesdesign.de\/wp-content\/uploads\/2018\/11\/6993_g-550x550.jpg 550w\" sizes=\"auto, (max-width: 150px) 100vw, 150px\" \/><\/a>\n\t\t\t<\/div><\/figure><figure class='gallery-item'>\n\t\t\t<div class='gallery-icon landscape'>\n\t\t\t\t<a href='http:\/\/test.intuitivesdesign.de\/?attachment_id=407'><img loading=\"lazy\" decoding=\"async\" width=\"150\" height=\"150\" src=\"http:\/\/test.intuitivesdesign.de\/wp-content\/uploads\/2018\/11\/6934_g-150x150.jpg\" class=\"attachment-thumbnail size-thumbnail\" alt=\"\" srcset=\"http:\/\/test.intuitivesdesign.de\/wp-content\/uploads\/2018\/11\/6934_g-150x150.jpg 150w, http:\/\/test.intuitivesdesign.de\/wp-content\/uploads\/2018\/11\/6934_g-550x550.jpg 550w\" sizes=\"auto, (max-width: 150px) 100vw, 150px\" \/><\/a>\n\t\t\t<\/div><\/figure><figure class='gallery-item'>\n\t\t\t<div class='gallery-icon portrait'>\n\t\t\t\t<a href='http:\/\/test.intuitivesdesign.de\/?attachment_id=405'><img loading=\"lazy\" decoding=\"async\" width=\"150\" height=\"150\" src=\"http:\/\/test.intuitivesdesign.de\/wp-content\/uploads\/2018\/11\/6878_g-150x150.jpg\" class=\"attachment-thumbnail size-thumbnail\" alt=\"\" srcset=\"http:\/\/test.intuitivesdesign.de\/wp-content\/uploads\/2018\/11\/6878_g-150x150.jpg 150w, http:\/\/test.intuitivesdesign.de\/wp-content\/uploads\/2018\/11\/6878_g-550x550.jpg 550w\" sizes=\"auto, (max-width: 150px) 100vw, 150px\" \/><\/a>\n\t\t\t<\/div><\/figure><figure class='gallery-item'>\n\t\t\t<div class='gallery-icon landscape'>\n\t\t\t\t<a href='http:\/\/test.intuitivesdesign.de\/?attachment_id=403'><img loading=\"lazy\" decoding=\"async\" width=\"150\" height=\"150\" src=\"http:\/\/test.intuitivesdesign.de\/wp-content\/uploads\/2018\/11\/6147_g-150x150.jpg\" class=\"attachment-thumbnail size-thumbnail\" alt=\"\" srcset=\"http:\/\/test.intuitivesdesign.de\/wp-content\/uploads\/2018\/11\/6147_g-150x150.jpg 150w, http:\/\/test.intuitivesdesign.de\/wp-content\/uploads\/2018\/11\/6147_g-550x550.jpg 550w\" sizes=\"auto, (max-width: 150px) 100vw, 150px\" \/><\/a>\n\t\t\t<\/div><\/figure><figure class='gallery-item'>\n\t\t\t<div class='gallery-icon portrait'>\n\t\t\t\t<a href='http:\/\/test.intuitivesdesign.de\/?attachment_id=402'><img loading=\"lazy\" decoding=\"async\" width=\"150\" height=\"150\" src=\"http:\/\/test.intuitivesdesign.de\/wp-content\/uploads\/2018\/11\/6073_g-150x150.jpg\" class=\"attachment-thumbnail size-thumbnail\" alt=\"\" srcset=\"http:\/\/test.intuitivesdesign.de\/wp-content\/uploads\/2018\/11\/6073_g-150x150.jpg 150w, http:\/\/test.intuitivesdesign.de\/wp-content\/uploads\/2018\/11\/6073_g-550x550.jpg 550w\" sizes=\"auto, (max-width: 150px) 100vw, 150px\" \/><\/a>\n\t\t\t<\/div><\/figure><figure class='gallery-item'>\n\t\t\t<div class='gallery-icon landscape'>\n\t\t\t\t<a href='http:\/\/test.intuitivesdesign.de\/?attachment_id=401'><img loading=\"lazy\" decoding=\"async\" width=\"150\" height=\"150\" src=\"http:\/\/test.intuitivesdesign.de\/wp-content\/uploads\/2018\/11\/6066_g-150x150.jpg\" class=\"attachment-thumbnail size-thumbnail\" alt=\"\" srcset=\"http:\/\/test.intuitivesdesign.de\/wp-content\/uploads\/2018\/11\/6066_g-150x150.jpg 150w, http:\/\/test.intuitivesdesign.de\/wp-content\/uploads\/2018\/11\/6066_g-550x550.jpg 550w\" sizes=\"auto, (max-width: 150px) 100vw, 150px\" \/><\/a>\n\t\t\t<\/div><\/figure><figure class='gallery-item'>\n\t\t\t<div class='gallery-icon landscape'>\n\t\t\t\t<a href='http:\/\/test.intuitivesdesign.de\/?attachment_id=400'><img loading=\"lazy\" decoding=\"async\" width=\"150\" height=\"150\" src=\"http:\/\/test.intuitivesdesign.de\/wp-content\/uploads\/2018\/11\/6002_g-150x150.jpg\" class=\"attachment-thumbnail size-thumbnail\" alt=\"\" srcset=\"http:\/\/test.intuitivesdesign.de\/wp-content\/uploads\/2018\/11\/6002_g-150x150.jpg 150w, http:\/\/test.intuitivesdesign.de\/wp-content\/uploads\/2018\/11\/6002_g-550x550.jpg 550w\" sizes=\"auto, (max-width: 150px) 100vw, 150px\" \/><\/a>\n\t\t\t<\/div><\/figure><figure class='gallery-item'>\n\t\t\t<div class='gallery-icon landscape'>\n\t\t\t\t<a href='http:\/\/test.intuitivesdesign.de\/?attachment_id=97'><img loading=\"lazy\" decoding=\"async\" width=\"150\" height=\"150\" src=\"http:\/\/test.intuitivesdesign.de\/wp-content\/uploads\/2015\/02\/Fotolia_67347125_XS-e1478549122961-150x150.jpg\" class=\"attachment-thumbnail size-thumbnail\" alt=\"\" \/><\/a>\n\t\t\t<\/div><\/figure>\n\t\t<\/div>\n\n<p>&nbsp;<\/p>\n<p><strong>Oh wie lieblich, oh wie schicklich,<br \/>\nsozusagen herzerquicklich,<\/strong><br \/>\nist es doch f\u00fcr eine Gegend,<br \/>\nwenn zwei Leute, die verm\u00f6gend,<br \/>\nau\u00dferdem mit sich zufrieden,<br \/>\n&#8230;<br \/>\nwenn nun diese, sag ich, ihre<br \/>\ndazu n\u00f6tigen Papiere<br \/>\nsowie auch die Haushaltsachen<br \/>\nendlich mal in Ordnung machen<br \/>\nund in Ehren und beizeiten<br \/>\nhin zum Standesamte schreiten.<br \/>\nWie es denen, welche lieben,<br \/>\nvom Gesetze vorgeschrieben;<br \/>\nDann ruft jeder freudiglich:<br \/>\nGott sei Dank sie m\u00f6gen sich!<\/p>\n<p><strong>Der Anfang der Wirklichkeit<\/strong><br \/>\nWenn ich allein tr\u00e4ume, ist es nur ein Traum.<br \/>\nWenn wir gemeinsam tr\u00e4umen, ist es der Anfang der Wirklichkeit.<\/p>\n<p>&#8211; aus Brasilien<\/p>\n<p>Liebe allein versteht das Geheimnis, andere zu beschenken<br \/>\nund dabei selbst reich zu werden.<\/p>\n<p>Clemens von Brentano<\/p>\n<p>&nbsp;<\/p>\n","protected":false},"excerpt":{"rendered":"<p>Hochzeiten: es ist schon Zeit! Hochzeitsfotos, Braut und Br\u00e4utigam, Fotoreportage, Kinder- Babyfotos, Portraits, &#8230; oder einfach Bilder die man so gerne mag. Oh wie lieblich, oh wie schicklich von Wilhelm Busch &nbsp; Oh wie lieblich, oh wie schicklich, sozusagen herzerquicklich, ist es doch f\u00fcr eine Gegend, wenn zwei Leute, die verm\u00f6gend, au\u00dferdem mit sich zufrieden, &hellip; <a href=\"http:\/\/test.intuitivesdesign.de\/?page_id=38\" class=\"more-link\"><span class=\"screen-reader-text\">Fotografie<\/span> weiterlesen <span class=\"meta-nav\">&rarr;<\/span><\/a><\/p>\n","protected":false},"author":1,"featured_media":0,"parent":0,"menu_order":0,"comment_status":"open","ping_status":"open","template":"","meta":{"ngg_post_thumbnail":0,"footnotes":""},"class_list":["post-38","page","type-page","status-publish","hentry"],"_links":{"self":[{"href":"http:\/\/test.intuitivesdesign.de\/index.php?rest_route=\/wp\/v2\/pages\/38","targetHints":{"allow":["GET"]}}],"collection":[{"href":"http:\/\/test.intuitivesdesign.de\/index.php?rest_route=\/wp\/v2\/pages"}],"about":[{"href":"http:\/\/test.intuitivesdesign.de\/index.php?rest_route=\/wp\/v2\/types\/page"}],"author":[{"embeddable":true,"href":"http:\/\/test.intuitivesdesign.de\/index.php?rest_route=\/wp\/v2\/users\/1"}],"replies":[{"embeddable":true,"href":"http:\/\/test.intuitivesdesign.de\/index.php?rest_route=%2Fwp%2Fv2%2Fcomments&post=38"}],"version-history":[{"count":29,"href":"http:\/\/test.intuitivesdesign.de\/index.php?rest_route=\/wp\/v2\/pages\/38\/revisions"}],"predecessor-version":[{"id":439,"href":"http:\/\/test.intuitivesdesign.de\/index.php?rest_route=\/wp\/v2\/pages\/38\/revisions\/439"}],"wp:attachment":[{"href":"http:\/\/test.intuitivesdesign.de\/index.php?rest_route=%2Fwp%2Fv2%2Fmedia&parent=38"}],"curies":[{"name":"wp","href":"https:\/\/api.w.org\/{rel}","templated":true}]}}