{"id":220,"date":"2015-02-09T12:07:54","date_gmt":"2015-02-09T12:07:54","guid":{"rendered":"http:\/\/test.intuitivesdesign.de\/?page_id=220"},"modified":"2022-10-31T19:45:38","modified_gmt":"2022-10-31T19:45:38","slug":"foto-kunst","status":"publish","type":"page","link":"http:\/\/test.intuitivesdesign.de\/?page_id=220","title":{"rendered":"Foto Kunst"},"content":{"rendered":"<p>\u201eMan sollte alle Tage wenigstens ein kleines Lied h\u00f6ren, ein gutes Gedicht lesen, ein treffliches Gem\u00e4lde sehen und, wenn es m\u00f6glich zu machen w\u00e4re, ein vern\u00fcnftiges Wort sprechen.\u201c<br \/>\n\u2015Johann Wolfgang von Goethe<\/p>\n\n","protected":false},"excerpt":{"rendered":"<p>\u201eMan sollte alle Tage wenigstens ein kleines Lied h\u00f6ren, ein gutes Gedicht lesen, ein treffliches Gem\u00e4lde sehen und, wenn es m\u00f6glich zu machen w\u00e4re, ein vern\u00fcnftiges Wort sprechen.\u201c \u2015Johann Wolfgang von Goethe<\/p>\n","protected":false},"author":1,"featured_media":0,"parent":0,"menu_order":0,"comment_status":"open","ping_status":"closed","template":"","meta":{"ngg_post_thumbnail":0,"footnotes":""},"class_list":["post-220","page","type-page","status-publish","hentry"],"_links":{"self":[{"href":"http:\/\/test.intuitivesdesign.de\/index.php?rest_route=\/wp\/v2\/pages\/220","targetHints":{"allow":["GET"]}}],"collection":[{"href":"http:\/\/test.intuitivesdesign.de\/index.php?rest_route=\/wp\/v2\/pages"}],"about":[{"href":"http:\/\/test.intuitivesdesign.de\/index.php?rest_route=\/wp\/v2\/types\/page"}],"author":[{"embeddable":true,"href":"http:\/\/test.intuitivesdesign.de\/index.php?rest_route=\/wp\/v2\/users\/1"}],"replies":[{"embeddable":true,"href":"http:\/\/test.intuitivesdesign.de\/index.php?rest_route=%2Fwp%2Fv2%2Fcomments&post=220"}],"version-history":[{"count":4,"href":"http:\/\/test.intuitivesdesign.de\/index.php?rest_route=\/wp\/v2\/pages\/220\/revisions"}],"predecessor-version":[{"id":279,"href":"http:\/\/test.intuitivesdesign.de\/index.php?rest_route=\/wp\/v2\/pages\/220\/revisions\/279"}],"wp:attachment":[{"href":"http:\/\/test.intuitivesdesign.de\/index.php?rest_route=%2Fwp%2Fv2%2Fmedia&parent=220"}],"curies":[{"name":"wp","href":"https:\/\/api.w.org\/{rel}","templated":true}]}}